{"id":545168,"date":"2026-05-11T08:55:48","date_gmt":"2026-05-11T11:55:48","guid":{"rendered":"https:\/\/www.anboutique.ca\/?post_type=product&#038;p=545168"},"modified":"2026-04-20T20:51:29","modified_gmt":"2026-04-20T23:51:29","slug":"societe-culturelle-regionale-les-chutes-annie-blanchard-and-maxime-landry-show-on-december-13th-copie-copie-copie-2","status":"publish","type":"product","link":"https:\/\/www.anboutique.ca\/en\/catalogue\/latest-offers\/entertainment\/societe-culturelle-regionale-les-chutes-annie-blanchard-and-maxime-landry-show-on-december-13th-copie-copie-copie-2\/","title":{"rendered":"Soci\u00e9t\u00e9 culturelle r\u00e9gionale Les Chutes: Ms. Br\u00fbl\u00e9 on May 22, 2026,"},"content":{"rendered":"<p><strong>ABOUT THE OFFER<\/strong><\/p>\n<p>One (1) electronic gift certificate worth <strong>$25 <\/strong>redeemable for a ticket to see <strong>Ms. Br\u00fbl\u00e9 <\/strong>on May 22, 2026. <strong>&#8221; IMPORTANT: Please reserve your seat by calling (506) 473-4329 before the day of the show &#8220;<\/strong>. Paper or digital copies on smart devices are accepted.<br \/>\n<!--more--><\/p>\n<p>&nbsp;<\/p>\n<p><strong>ABOUT THE SHOW ON May 22, 2026, 8 p.m. at the Richelieu Auditorium in Grand Falls: <\/strong><\/p>\n<p>Ms. Br\u00fbl\u00e9 is a teacher who clings to her calling against all odds. In a show that blends theatre, clowning, and improvisation, actress \u00c9velyne Laniel delivers a solo performance that is both humorous and critical. Called in for a last-minute replacement, Ms. Br\u00fbl\u00e9 is euphoric at the prospect of landing her first teaching contract. Through a series of physical comedy sketches, intertwining slapstick and object theatre, the audience, taking on the roles of both student and parent, witnesses the downward spiral of a teacher who, despite everything, clings to a single hope: her calling to change the world, one child at a time.<br \/>\nOpening act at 7 p.m.: Sergio \u00c9riko (https:\/\/www.youtube.com\/@sergioerico9404)<\/p>\n<p>&nbsp;<\/p>\n<p><strong>COMPANY DESCRIPTION\u202f<\/strong><\/p>\n<p>The SCRLC&#8217;s mission is to commit to the development and promotion of Francophone culture in all its aspects, in order to strengthen Francophone pride, to make its uniqueness appreciated and to ensure its vitality.<\/p>\n<p>&nbsp;<\/p>\n<p><strong>WEB PAGE<\/strong><\/p>\n<p><a href=\"https:\/\/www.leschutes.ca\/\" target=\"_blank\" rel=\"noopener\">https:\/\/www.leschutes.ca\/<\/a><\/p>\n<p>&nbsp;<\/p>\n<p><strong>ADDRESS<\/strong><\/p>\n<p>215 rue Guimont,<br \/>\nGrand-Sault, N.-B.<br \/>\nE3Y 1C7<\/p>\n<p>&nbsp;<\/p>\n<p><strong>PHONE<\/strong><\/p>\n<p>506-473-4329<\/p>\n","protected":false},"excerpt":{"rendered":"<p>One (1) electronic gift certificate worth $25 redeemable for a ticket to see Ms. Br\u00fbl\u00e9 on May 22, 2026. &#8221; IMPORTANT: Please reserve your seat by calling (506) 473-4329 before the day of the show &#8220;. Paper or digital copies on smart devices are accepted.<\/p>\n","protected":false},"featured_media":545211,"template":"","meta":{"_custom_body_class":"","_custom_post_class":"","_monsterinsights_skip_tracking":false,"_monsterinsights_sitenote_active":false,"_monsterinsights_sitenote_note":"","_monsterinsights_sitenote_category":0},"location":[3479],"product_brand":[],"product_cat":[3518,3516],"product_tag":[3571,6500],"class_list":{"0":"post-545168","1":"product","2":"type-product","3":"status-publish","4":"has-post-thumbnail","6":"location-madawaska-victoria-en","7":"product_cat-entertainment","8":"product_cat-latest-offers","9":"product_tag-grand-falls","10":"product_tag-spectacle-en","12":"first","13":"instock","14":"virtual","15":"purchasable","16":"product-type-simple"},"aioseo_notices":[],"yoast_head":"<!-- This site is optimized with the Yoast SEO plugin v27.5 - https:\/\/yoast.com\/product\/yoast-seo-wordpress\/ -->\n<title>Soci\u00e9t\u00e9 culturelle r\u00e9gionale Les Chutes: Ms. Br\u00fbl\u00e9 on May 22, 2026, - AN Boutique<\/title>\n<meta name=\"description\" content=\"Get a 40% discount on a one-day family admission to the New Brunswick Botanical Garden.\" \/>\n<meta name=\"robots\" content=\"index, follow, max-snippet:-1, max-image-preview:large, max-video-preview:-1\" \/>\n<link rel=\"canonical\" href=\"https:\/\/www.anboutique.ca\/catalogue\/offres-du-moment\/divertissement-offres-du-moment\/societe-culturelle-regionale-mme-brule-le-22-mai-2026\/\" \/>\n<meta property=\"og:locale\" content=\"en_US\" \/>\n<meta property=\"og:type\" content=\"article\" \/>\n<meta property=\"og:title\" content=\"Soci\u00e9t\u00e9 culturelle r\u00e9gionale Les Chutes: Ms. Br\u00fbl\u00e9 on May 22, 2026, - AN Boutique\" \/>\n<meta property=\"og:description\" content=\"Get a 40% discount on a one-day family admission to the New Brunswick Botanical Garden.\" \/>\n<meta property=\"og:url\" content=\"https:\/\/www.anboutique.ca\/catalogue\/offres-du-moment\/divertissement-offres-du-moment\/societe-culturelle-regionale-mme-brule-le-22-mai-2026\/\" \/>\n<meta property=\"og:site_name\" content=\"AN Boutique\" \/>\n<meta property=\"article:publisher\" content=\"https:\/\/www.facebook.com\/pages\/AN-Boutique\/743747535646234?ref=hl\" \/>\n<meta property=\"og:image\" content=\"https:\/\/www.anboutique.ca\/wp-content\/uploads\/2026\/01\/photo-Mme-Brule_1055x775.jpg\" \/>\n\t<meta property=\"og:image:width\" content=\"1055\" \/>\n\t<meta property=\"og:image:height\" content=\"775\" \/>\n\t<meta property=\"og:image:type\" content=\"image\/jpeg\" \/>\n<meta name=\"twitter:label1\" content=\"Est. reading time\" \/>\n\t<meta name=\"twitter:data1\" content=\"2 minutes\" \/>\n<script type=\"application\/ld+json\" class=\"yoast-schema-graph\">{\"@context\":\"https:\\\/\\\/schema.org\",\"@graph\":[{\"@type\":\"WebPage\",\"@id\":\"https:\\\/\\\/www.anboutique.ca\\\/catalogue\\\/offres-du-moment\\\/divertissement-offres-du-moment\\\/societe-culturelle-regionale-mme-brule-le-22-mai-2026\\\/\",\"url\":\"https:\\\/\\\/www.anboutique.ca\\\/catalogue\\\/offres-du-moment\\\/divertissement-offres-du-moment\\\/societe-culturelle-regionale-mme-brule-le-22-mai-2026\\\/\",\"name\":\"Soci\u00e9t\u00e9 culturelle r\u00e9gionale Les Chutes: Ms. Br\u00fbl\u00e9 on May 22, 2026, - AN Boutique\",\"isPartOf\":{\"@id\":\"https:\\\/\\\/www.anboutique.ca\\\/#website\"},\"primaryImageOfPage\":{\"@id\":\"https:\\\/\\\/www.anboutique.ca\\\/catalogue\\\/offres-du-moment\\\/divertissement-offres-du-moment\\\/societe-culturelle-regionale-mme-brule-le-22-mai-2026\\\/#primaryimage\"},\"image\":{\"@id\":\"https:\\\/\\\/www.anboutique.ca\\\/catalogue\\\/offres-du-moment\\\/divertissement-offres-du-moment\\\/societe-culturelle-regionale-mme-brule-le-22-mai-2026\\\/#primaryimage\"},\"thumbnailUrl\":\"https:\\\/\\\/www.anboutique.ca\\\/wp-content\\\/uploads\\\/2026\\\/01\\\/photo-Mme-Brule_1055x775.jpg\",\"datePublished\":\"2026-05-11T11:55:48+00:00\",\"description\":\"Get a 40% discount on a one-day family admission to the New Brunswick Botanical Garden.\",\"breadcrumb\":{\"@id\":\"https:\\\/\\\/www.anboutique.ca\\\/catalogue\\\/offres-du-moment\\\/divertissement-offres-du-moment\\\/societe-culturelle-regionale-mme-brule-le-22-mai-2026\\\/#breadcrumb\"},\"inLanguage\":\"en-US\",\"potentialAction\":[{\"@type\":\"ReadAction\",\"target\":[\"https:\\\/\\\/www.anboutique.ca\\\/catalogue\\\/offres-du-moment\\\/divertissement-offres-du-moment\\\/societe-culturelle-regionale-mme-brule-le-22-mai-2026\\\/\"]}]},{\"@type\":\"ImageObject\",\"inLanguage\":\"en-US\",\"@id\":\"https:\\\/\\\/www.anboutique.ca\\\/catalogue\\\/offres-du-moment\\\/divertissement-offres-du-moment\\\/societe-culturelle-regionale-mme-brule-le-22-mai-2026\\\/#primaryimage\",\"url\":\"https:\\\/\\\/www.anboutique.ca\\\/wp-content\\\/uploads\\\/2026\\\/01\\\/photo-Mme-Brule_1055x775.jpg\",\"contentUrl\":\"https:\\\/\\\/www.anboutique.ca\\\/wp-content\\\/uploads\\\/2026\\\/01\\\/photo-Mme-Brule_1055x775.jpg\",\"width\":1055,\"height\":775},{\"@type\":\"BreadcrumbList\",\"@id\":\"https:\\\/\\\/www.anboutique.ca\\\/catalogue\\\/offres-du-moment\\\/divertissement-offres-du-moment\\\/societe-culturelle-regionale-mme-brule-le-22-mai-2026\\\/#breadcrumb\",\"itemListElement\":[{\"@type\":\"ListItem\",\"position\":1,\"name\":\"Home\",\"item\":\"https:\\\/\\\/www.anboutique.ca\\\/en\\\/\"},{\"@type\":\"ListItem\",\"position\":2,\"name\":\"Produits\",\"item\":\"https:\\\/\\\/www.anboutique.ca\\\/shop\\\/\"},{\"@type\":\"ListItem\",\"position\":3,\"name\":\"Soci\u00e9t\u00e9 culturelle r\u00e9gionale Les Chutes: Ms. Br\u00fbl\u00e9 on May 22, 2026,\"}]},{\"@type\":\"WebSite\",\"@id\":\"https:\\\/\\\/www.anboutique.ca\\\/#website\",\"url\":\"https:\\\/\\\/www.anboutique.ca\\\/\",\"name\":\"AN Boutique\",\"description\":\"Explorez, achetez, profitez\",\"publisher\":{\"@id\":\"https:\\\/\\\/www.anboutique.ca\\\/#organization\"},\"potentialAction\":[{\"@type\":\"SearchAction\",\"target\":{\"@type\":\"EntryPoint\",\"urlTemplate\":\"https:\\\/\\\/www.anboutique.ca\\\/?s={search_term_string}\"},\"query-input\":{\"@type\":\"PropertyValueSpecification\",\"valueRequired\":true,\"valueName\":\"search_term_string\"}}],\"inLanguage\":\"en-US\"},{\"@type\":\"Organization\",\"@id\":\"https:\\\/\\\/www.anboutique.ca\\\/#organization\",\"name\":\"AN Boutique\",\"url\":\"https:\\\/\\\/www.anboutique.ca\\\/\",\"logo\":{\"@type\":\"ImageObject\",\"inLanguage\":\"en-US\",\"@id\":\"https:\\\/\\\/www.anboutique.ca\\\/#\\\/schema\\\/logo\\\/image\\\/\",\"url\":\"https:\\\/\\\/www.anboutique.ca\\\/wp-content\\\/uploads\\\/2018\\\/11\\\/cropped-anboutique-ca_horizontal-white-resized.png\",\"contentUrl\":\"https:\\\/\\\/www.anboutique.ca\\\/wp-content\\\/uploads\\\/2018\\\/11\\\/cropped-anboutique-ca_horizontal-white-resized.png\",\"width\":324,\"height\":44,\"caption\":\"AN Boutique\"},\"image\":{\"@id\":\"https:\\\/\\\/www.anboutique.ca\\\/#\\\/schema\\\/logo\\\/image\\\/\"},\"sameAs\":[\"https:\\\/\\\/www.facebook.com\\\/pages\\\/AN-Boutique\\\/743747535646234?ref=hl\"]}]}<\/script>\n<!-- \/ Yoast SEO plugin. -->","yoast_head_json":{"title":"Soci\u00e9t\u00e9 culturelle r\u00e9gionale Les Chutes: Ms. Br\u00fbl\u00e9 on May 22, 2026, - AN Boutique","description":"Get a 40% discount on a one-day family admission to the New Brunswick Botanical Garden.","robots":{"index":"index","follow":"follow","max-snippet":"max-snippet:-1","max-image-preview":"max-image-preview:large","max-video-preview":"max-video-preview:-1"},"canonical":"https:\/\/www.anboutique.ca\/catalogue\/offres-du-moment\/divertissement-offres-du-moment\/societe-culturelle-regionale-mme-brule-le-22-mai-2026\/","og_locale":"en_US","og_type":"article","og_title":"Soci\u00e9t\u00e9 culturelle r\u00e9gionale Les Chutes: Ms. Br\u00fbl\u00e9 on May 22, 2026, - AN Boutique","og_description":"Get a 40% discount on a one-day family admission to the New Brunswick Botanical Garden.","og_url":"https:\/\/www.anboutique.ca\/catalogue\/offres-du-moment\/divertissement-offres-du-moment\/societe-culturelle-regionale-mme-brule-le-22-mai-2026\/","og_site_name":"AN Boutique","article_publisher":"https:\/\/www.facebook.com\/pages\/AN-Boutique\/743747535646234?ref=hl","og_image":[{"width":1055,"height":775,"url":"https:\/\/www.anboutique.ca\/wp-content\/uploads\/2026\/01\/photo-Mme-Brule_1055x775.jpg","type":"image\/jpeg"}],"twitter_misc":{"Est. reading time":"2 minutes"},"schema":{"@context":"https:\/\/schema.org","@graph":[{"@type":"WebPage","@id":"https:\/\/www.anboutique.ca\/catalogue\/offres-du-moment\/divertissement-offres-du-moment\/societe-culturelle-regionale-mme-brule-le-22-mai-2026\/","url":"https:\/\/www.anboutique.ca\/catalogue\/offres-du-moment\/divertissement-offres-du-moment\/societe-culturelle-regionale-mme-brule-le-22-mai-2026\/","name":"Soci\u00e9t\u00e9 culturelle r\u00e9gionale Les Chutes: Ms. Br\u00fbl\u00e9 on May 22, 2026, - AN Boutique","isPartOf":{"@id":"https:\/\/www.anboutique.ca\/#website"},"primaryImageOfPage":{"@id":"https:\/\/www.anboutique.ca\/catalogue\/offres-du-moment\/divertissement-offres-du-moment\/societe-culturelle-regionale-mme-brule-le-22-mai-2026\/#primaryimage"},"image":{"@id":"https:\/\/www.anboutique.ca\/catalogue\/offres-du-moment\/divertissement-offres-du-moment\/societe-culturelle-regionale-mme-brule-le-22-mai-2026\/#primaryimage"},"thumbnailUrl":"https:\/\/www.anboutique.ca\/wp-content\/uploads\/2026\/01\/photo-Mme-Brule_1055x775.jpg","datePublished":"2026-05-11T11:55:48+00:00","description":"Get a 40% discount on a one-day family admission to the New Brunswick Botanical Garden.","breadcrumb":{"@id":"https:\/\/www.anboutique.ca\/catalogue\/offres-du-moment\/divertissement-offres-du-moment\/societe-culturelle-regionale-mme-brule-le-22-mai-2026\/#breadcrumb"},"inLanguage":"en-US","potentialAction":[{"@type":"ReadAction","target":["https:\/\/www.anboutique.ca\/catalogue\/offres-du-moment\/divertissement-offres-du-moment\/societe-culturelle-regionale-mme-brule-le-22-mai-2026\/"]}]},{"@type":"ImageObject","inLanguage":"en-US","@id":"https:\/\/www.anboutique.ca\/catalogue\/offres-du-moment\/divertissement-offres-du-moment\/societe-culturelle-regionale-mme-brule-le-22-mai-2026\/#primaryimage","url":"https:\/\/www.anboutique.ca\/wp-content\/uploads\/2026\/01\/photo-Mme-Brule_1055x775.jpg","contentUrl":"https:\/\/www.anboutique.ca\/wp-content\/uploads\/2026\/01\/photo-Mme-Brule_1055x775.jpg","width":1055,"height":775},{"@type":"BreadcrumbList","@id":"https:\/\/www.anboutique.ca\/catalogue\/offres-du-moment\/divertissement-offres-du-moment\/societe-culturelle-regionale-mme-brule-le-22-mai-2026\/#breadcrumb","itemListElement":[{"@type":"ListItem","position":1,"name":"Home","item":"https:\/\/www.anboutique.ca\/en\/"},{"@type":"ListItem","position":2,"name":"Produits","item":"https:\/\/www.anboutique.ca\/shop\/"},{"@type":"ListItem","position":3,"name":"Soci\u00e9t\u00e9 culturelle r\u00e9gionale Les Chutes: Ms. Br\u00fbl\u00e9 on May 22, 2026,"}]},{"@type":"WebSite","@id":"https:\/\/www.anboutique.ca\/#website","url":"https:\/\/www.anboutique.ca\/","name":"AN Boutique","description":"Explorez, achetez, profitez","publisher":{"@id":"https:\/\/www.anboutique.ca\/#organization"},"potentialAction":[{"@type":"SearchAction","target":{"@type":"EntryPoint","urlTemplate":"https:\/\/www.anboutique.ca\/?s={search_term_string}"},"query-input":{"@type":"PropertyValueSpecification","valueRequired":true,"valueName":"search_term_string"}}],"inLanguage":"en-US"},{"@type":"Organization","@id":"https:\/\/www.anboutique.ca\/#organization","name":"AN Boutique","url":"https:\/\/www.anboutique.ca\/","logo":{"@type":"ImageObject","inLanguage":"en-US","@id":"https:\/\/www.anboutique.ca\/#\/schema\/logo\/image\/","url":"https:\/\/www.anboutique.ca\/wp-content\/uploads\/2018\/11\/cropped-anboutique-ca_horizontal-white-resized.png","contentUrl":"https:\/\/www.anboutique.ca\/wp-content\/uploads\/2018\/11\/cropped-anboutique-ca_horizontal-white-resized.png","width":324,"height":44,"caption":"AN Boutique"},"image":{"@id":"https:\/\/www.anboutique.ca\/#\/schema\/logo\/image\/"},"sameAs":["https:\/\/www.facebook.com\/pages\/AN-Boutique\/743747535646234?ref=hl"]}]}},"_links":{"self":[{"href":"https:\/\/www.anboutique.ca\/en\/wp-json\/wp\/v2\/product\/545168","targetHints":{"allow":["GET"]}}],"collection":[{"href":"https:\/\/www.anboutique.ca\/en\/wp-json\/wp\/v2\/product"}],"about":[{"href":"https:\/\/www.anboutique.ca\/en\/wp-json\/wp\/v2\/types\/product"}],"wp:featuredmedia":[{"embeddable":true,"href":"https:\/\/www.anboutique.ca\/en\/wp-json\/wp\/v2\/media\/545211"}],"wp:attachment":[{"href":"https:\/\/www.anboutique.ca\/en\/wp-json\/wp\/v2\/media?parent=545168"}],"wp:term":[{"taxonomy":"location","embeddable":true,"href":"https:\/\/www.anboutique.ca\/en\/wp-json\/wp\/v2\/location?post=545168"},{"taxonomy":"product_brand","embeddable":true,"href":"https:\/\/www.anboutique.ca\/en\/wp-json\/wp\/v2\/product_brand?post=545168"},{"taxonomy":"product_cat","embeddable":true,"href":"https:\/\/www.anboutique.ca\/en\/wp-json\/wp\/v2\/product_cat?post=545168"},{"taxonomy":"product_tag","embeddable":true,"href":"https:\/\/www.anboutique.ca\/en\/wp-json\/wp\/v2\/product_tag?post=545168"}],"curies":[{"name":"wp","href":"https:\/\/api.w.org\/{rel}","templated":true}]}}