{"id":537938,"date":"2026-04-20T08:55:54","date_gmt":"2026-04-20T11:55:54","guid":{"rendered":"https:\/\/www.anboutique.ca\/?post_type=product&#038;p=537938"},"modified":"2025-05-16T11:44:03","modified_gmt":"2025-05-16T14:44:03","slug":"les-freres-g-et-g-ltee-copie-3","status":"publish","type":"product","link":"https:\/\/www.anboutique.ca\/en\/catalogue\/latest-offers\/products-and-services\/les-freres-g-et-g-ltee-copie-3\/","title":{"rendered":"Espace Sant\u00e9 Cr\u00e9ation"},"content":{"rendered":"<p><strong>ABOUT THE OFFER<\/strong><\/p>\n<p>One (1) <strong>$ 50<\/strong> electronic gift certificate redeemable at <strong>Espace Sant\u00e9 Cr\u00e9ation. <\/strong><em>Printed or digital copies on smart devices accepted.<\/em><!--more--><\/p>\n<p>&nbsp;<\/p>\n<p><strong>ABOUT THE COMPANY<\/strong><\/p>\n<p>Hi! I&#8217;m Jill Doucet. I guide women who have lost touch with themselves by rushing through life to find peace in the present moment. I create spaces to enjoy the benefits of slowing down by teaching tools to find happiness, prevent depression, declutter life. Yoga classes, retreats, creative macram\u00e9 workshops, wellness workshops, wellness events.<\/p>\n<p>&nbsp;<\/p>\n<p><strong>ADDRESS<\/strong><\/p>\n<p>64, Alll\u00e9e 89<br \/>\nCharlo, NB,<br \/>\nE8E 0A6<\/p>\n<p>&nbsp;<\/p>\n<p><strong>PHONE<\/strong><\/p>\n<p>(506) 686-1045<\/p>\n<p>&nbsp;<\/p>\n<p><strong>WEB<\/strong><\/p>\n<p><a href=\"https:\/\/www.espacesantecreation.ca\/?lang=fr\" target=\"_blank\" rel=\"noopener\">https:\/\/www.espacesantecreation.ca\/?lang=fr<\/a><\/p>\n<p>&nbsp;<\/p>\n","protected":false},"excerpt":{"rendered":"<p>One (1) $ 50 electronic gift certificate redeemable at Espace Sant\u00e9 Cr\u00e9ation. Printed or digital copies on smart devices accepted.<\/p>\n","protected":false},"featured_media":537945,"template":"","meta":{"_custom_body_class":"","_custom_post_class":"","_monsterinsights_skip_tracking":false,"_monsterinsights_sitenote_active":false,"_monsterinsights_sitenote_note":"","_monsterinsights_sitenote_category":0},"location":[3484],"product_brand":[],"product_cat":[3524,3516,3522],"product_tag":[7205],"class_list":{"0":"post-537938","1":"product","2":"type-product","3":"status-publish","4":"has-post-thumbnail","6":"location-restigouche-en","7":"product_cat-health-sports-fitness","8":"product_cat-latest-offers","9":"product_cat-products-and-services","10":"product_tag-bien-etre","12":"first","13":"instock","14":"virtual","15":"purchasable","16":"product-type-simple"},"aioseo_notices":[],"yoast_head":"<!-- This site is optimized with the Yoast SEO plugin v27.5 - https:\/\/yoast.com\/product\/yoast-seo-wordpress\/ -->\n<title>Espace Sant\u00e9 Cr\u00e9ation - AN Boutique<\/title>\n<meta name=\"robots\" content=\"index, follow, max-snippet:-1, max-image-preview:large, max-video-preview:-1\" \/>\n<link rel=\"canonical\" href=\"https:\/\/www.anboutique.ca\/catalogue\/offres-du-moment\/sante-sport-et-fitness\/espace-sante-creation\/\" \/>\n<meta property=\"og:locale\" content=\"en_US\" \/>\n<meta property=\"og:type\" content=\"article\" \/>\n<meta property=\"og:title\" content=\"Espace Sant\u00e9 Cr\u00e9ation - AN Boutique\" \/>\n<meta property=\"og:description\" content=\"One (1) $ 50 electronic gift certificate redeemable at Espace Sant\u00e9 Cr\u00e9ation. Printed or digital copies on smart devices accepted.\" \/>\n<meta property=\"og:url\" content=\"https:\/\/www.anboutique.ca\/catalogue\/offres-du-moment\/sante-sport-et-fitness\/espace-sante-creation\/\" \/>\n<meta property=\"og:site_name\" content=\"AN Boutique\" \/>\n<meta property=\"article:publisher\" content=\"https:\/\/www.facebook.com\/pages\/AN-Boutique\/743747535646234?ref=hl\" \/>\n<meta property=\"og:image\" content=\"https:\/\/www.anboutique.ca\/wp-content\/uploads\/2023\/11\/photo2_1055x775.jpg\" \/>\n\t<meta property=\"og:image:width\" content=\"1055\" \/>\n\t<meta property=\"og:image:height\" content=\"775\" \/>\n\t<meta property=\"og:image:type\" content=\"image\/jpeg\" \/>\n<meta name=\"twitter:label1\" content=\"Est. reading time\" \/>\n\t<meta name=\"twitter:data1\" content=\"1 minute\" \/>\n<script type=\"application\/ld+json\" class=\"yoast-schema-graph\">{\"@context\":\"https:\\\/\\\/schema.org\",\"@graph\":[{\"@type\":\"WebPage\",\"@id\":\"https:\\\/\\\/www.anboutique.ca\\\/catalogue\\\/offres-du-moment\\\/sante-sport-et-fitness\\\/espace-sante-creation\\\/\",\"url\":\"https:\\\/\\\/www.anboutique.ca\\\/catalogue\\\/offres-du-moment\\\/sante-sport-et-fitness\\\/espace-sante-creation\\\/\",\"name\":\"Espace Sant\u00e9 Cr\u00e9ation - AN Boutique\",\"isPartOf\":{\"@id\":\"https:\\\/\\\/www.anboutique.ca\\\/#website\"},\"primaryImageOfPage\":{\"@id\":\"https:\\\/\\\/www.anboutique.ca\\\/catalogue\\\/offres-du-moment\\\/sante-sport-et-fitness\\\/espace-sante-creation\\\/#primaryimage\"},\"image\":{\"@id\":\"https:\\\/\\\/www.anboutique.ca\\\/catalogue\\\/offres-du-moment\\\/sante-sport-et-fitness\\\/espace-sante-creation\\\/#primaryimage\"},\"thumbnailUrl\":\"https:\\\/\\\/www.anboutique.ca\\\/wp-content\\\/uploads\\\/2023\\\/11\\\/photo2_1055x775.jpg\",\"datePublished\":\"2026-04-20T11:55:54+00:00\",\"breadcrumb\":{\"@id\":\"https:\\\/\\\/www.anboutique.ca\\\/catalogue\\\/offres-du-moment\\\/sante-sport-et-fitness\\\/espace-sante-creation\\\/#breadcrumb\"},\"inLanguage\":\"en-US\",\"potentialAction\":[{\"@type\":\"ReadAction\",\"target\":[\"https:\\\/\\\/www.anboutique.ca\\\/catalogue\\\/offres-du-moment\\\/sante-sport-et-fitness\\\/espace-sante-creation\\\/\"]}]},{\"@type\":\"ImageObject\",\"inLanguage\":\"en-US\",\"@id\":\"https:\\\/\\\/www.anboutique.ca\\\/catalogue\\\/offres-du-moment\\\/sante-sport-et-fitness\\\/espace-sante-creation\\\/#primaryimage\",\"url\":\"https:\\\/\\\/www.anboutique.ca\\\/wp-content\\\/uploads\\\/2023\\\/11\\\/photo2_1055x775.jpg\",\"contentUrl\":\"https:\\\/\\\/www.anboutique.ca\\\/wp-content\\\/uploads\\\/2023\\\/11\\\/photo2_1055x775.jpg\",\"width\":1055,\"height\":775},{\"@type\":\"BreadcrumbList\",\"@id\":\"https:\\\/\\\/www.anboutique.ca\\\/catalogue\\\/offres-du-moment\\\/sante-sport-et-fitness\\\/espace-sante-creation\\\/#breadcrumb\",\"itemListElement\":[{\"@type\":\"ListItem\",\"position\":1,\"name\":\"Home\",\"item\":\"https:\\\/\\\/www.anboutique.ca\\\/en\\\/\"},{\"@type\":\"ListItem\",\"position\":2,\"name\":\"Produits\",\"item\":\"https:\\\/\\\/www.anboutique.ca\\\/shop\\\/\"},{\"@type\":\"ListItem\",\"position\":3,\"name\":\"Espace Sant\u00e9 Cr\u00e9ation\"}]},{\"@type\":\"WebSite\",\"@id\":\"https:\\\/\\\/www.anboutique.ca\\\/#website\",\"url\":\"https:\\\/\\\/www.anboutique.ca\\\/\",\"name\":\"AN Boutique\",\"description\":\"Explorez, achetez, profitez\",\"publisher\":{\"@id\":\"https:\\\/\\\/www.anboutique.ca\\\/#organization\"},\"potentialAction\":[{\"@type\":\"SearchAction\",\"target\":{\"@type\":\"EntryPoint\",\"urlTemplate\":\"https:\\\/\\\/www.anboutique.ca\\\/?s={search_term_string}\"},\"query-input\":{\"@type\":\"PropertyValueSpecification\",\"valueRequired\":true,\"valueName\":\"search_term_string\"}}],\"inLanguage\":\"en-US\"},{\"@type\":\"Organization\",\"@id\":\"https:\\\/\\\/www.anboutique.ca\\\/#organization\",\"name\":\"AN Boutique\",\"url\":\"https:\\\/\\\/www.anboutique.ca\\\/\",\"logo\":{\"@type\":\"ImageObject\",\"inLanguage\":\"en-US\",\"@id\":\"https:\\\/\\\/www.anboutique.ca\\\/#\\\/schema\\\/logo\\\/image\\\/\",\"url\":\"https:\\\/\\\/www.anboutique.ca\\\/wp-content\\\/uploads\\\/2018\\\/11\\\/cropped-anboutique-ca_horizontal-white-resized.png\",\"contentUrl\":\"https:\\\/\\\/www.anboutique.ca\\\/wp-content\\\/uploads\\\/2018\\\/11\\\/cropped-anboutique-ca_horizontal-white-resized.png\",\"width\":324,\"height\":44,\"caption\":\"AN Boutique\"},\"image\":{\"@id\":\"https:\\\/\\\/www.anboutique.ca\\\/#\\\/schema\\\/logo\\\/image\\\/\"},\"sameAs\":[\"https:\\\/\\\/www.facebook.com\\\/pages\\\/AN-Boutique\\\/743747535646234?ref=hl\"]}]}<\/script>\n<!-- \/ Yoast SEO plugin. -->","yoast_head_json":{"title":"Espace Sant\u00e9 Cr\u00e9ation - AN Boutique","robots":{"index":"index","follow":"follow","max-snippet":"max-snippet:-1","max-image-preview":"max-image-preview:large","max-video-preview":"max-video-preview:-1"},"canonical":"https:\/\/www.anboutique.ca\/catalogue\/offres-du-moment\/sante-sport-et-fitness\/espace-sante-creation\/","og_locale":"en_US","og_type":"article","og_title":"Espace Sant\u00e9 Cr\u00e9ation - AN Boutique","og_description":"One (1) $ 50 electronic gift certificate redeemable at Espace Sant\u00e9 Cr\u00e9ation. Printed or digital copies on smart devices accepted.","og_url":"https:\/\/www.anboutique.ca\/catalogue\/offres-du-moment\/sante-sport-et-fitness\/espace-sante-creation\/","og_site_name":"AN Boutique","article_publisher":"https:\/\/www.facebook.com\/pages\/AN-Boutique\/743747535646234?ref=hl","og_image":[{"width":1055,"height":775,"url":"https:\/\/www.anboutique.ca\/wp-content\/uploads\/2023\/11\/photo2_1055x775.jpg","type":"image\/jpeg"}],"twitter_misc":{"Est. reading time":"1 minute"},"schema":{"@context":"https:\/\/schema.org","@graph":[{"@type":"WebPage","@id":"https:\/\/www.anboutique.ca\/catalogue\/offres-du-moment\/sante-sport-et-fitness\/espace-sante-creation\/","url":"https:\/\/www.anboutique.ca\/catalogue\/offres-du-moment\/sante-sport-et-fitness\/espace-sante-creation\/","name":"Espace Sant\u00e9 Cr\u00e9ation - AN Boutique","isPartOf":{"@id":"https:\/\/www.anboutique.ca\/#website"},"primaryImageOfPage":{"@id":"https:\/\/www.anboutique.ca\/catalogue\/offres-du-moment\/sante-sport-et-fitness\/espace-sante-creation\/#primaryimage"},"image":{"@id":"https:\/\/www.anboutique.ca\/catalogue\/offres-du-moment\/sante-sport-et-fitness\/espace-sante-creation\/#primaryimage"},"thumbnailUrl":"https:\/\/www.anboutique.ca\/wp-content\/uploads\/2023\/11\/photo2_1055x775.jpg","datePublished":"2026-04-20T11:55:54+00:00","breadcrumb":{"@id":"https:\/\/www.anboutique.ca\/catalogue\/offres-du-moment\/sante-sport-et-fitness\/espace-sante-creation\/#breadcrumb"},"inLanguage":"en-US","potentialAction":[{"@type":"ReadAction","target":["https:\/\/www.anboutique.ca\/catalogue\/offres-du-moment\/sante-sport-et-fitness\/espace-sante-creation\/"]}]},{"@type":"ImageObject","inLanguage":"en-US","@id":"https:\/\/www.anboutique.ca\/catalogue\/offres-du-moment\/sante-sport-et-fitness\/espace-sante-creation\/#primaryimage","url":"https:\/\/www.anboutique.ca\/wp-content\/uploads\/2023\/11\/photo2_1055x775.jpg","contentUrl":"https:\/\/www.anboutique.ca\/wp-content\/uploads\/2023\/11\/photo2_1055x775.jpg","width":1055,"height":775},{"@type":"BreadcrumbList","@id":"https:\/\/www.anboutique.ca\/catalogue\/offres-du-moment\/sante-sport-et-fitness\/espace-sante-creation\/#breadcrumb","itemListElement":[{"@type":"ListItem","position":1,"name":"Home","item":"https:\/\/www.anboutique.ca\/en\/"},{"@type":"ListItem","position":2,"name":"Produits","item":"https:\/\/www.anboutique.ca\/shop\/"},{"@type":"ListItem","position":3,"name":"Espace Sant\u00e9 Cr\u00e9ation"}]},{"@type":"WebSite","@id":"https:\/\/www.anboutique.ca\/#website","url":"https:\/\/www.anboutique.ca\/","name":"AN Boutique","description":"Explorez, achetez, profitez","publisher":{"@id":"https:\/\/www.anboutique.ca\/#organization"},"potentialAction":[{"@type":"SearchAction","target":{"@type":"EntryPoint","urlTemplate":"https:\/\/www.anboutique.ca\/?s={search_term_string}"},"query-input":{"@type":"PropertyValueSpecification","valueRequired":true,"valueName":"search_term_string"}}],"inLanguage":"en-US"},{"@type":"Organization","@id":"https:\/\/www.anboutique.ca\/#organization","name":"AN Boutique","url":"https:\/\/www.anboutique.ca\/","logo":{"@type":"ImageObject","inLanguage":"en-US","@id":"https:\/\/www.anboutique.ca\/#\/schema\/logo\/image\/","url":"https:\/\/www.anboutique.ca\/wp-content\/uploads\/2018\/11\/cropped-anboutique-ca_horizontal-white-resized.png","contentUrl":"https:\/\/www.anboutique.ca\/wp-content\/uploads\/2018\/11\/cropped-anboutique-ca_horizontal-white-resized.png","width":324,"height":44,"caption":"AN Boutique"},"image":{"@id":"https:\/\/www.anboutique.ca\/#\/schema\/logo\/image\/"},"sameAs":["https:\/\/www.facebook.com\/pages\/AN-Boutique\/743747535646234?ref=hl"]}]}},"_links":{"self":[{"href":"https:\/\/www.anboutique.ca\/en\/wp-json\/wp\/v2\/product\/537938","targetHints":{"allow":["GET"]}}],"collection":[{"href":"https:\/\/www.anboutique.ca\/en\/wp-json\/wp\/v2\/product"}],"about":[{"href":"https:\/\/www.anboutique.ca\/en\/wp-json\/wp\/v2\/types\/product"}],"wp:featuredmedia":[{"embeddable":true,"href":"https:\/\/www.anboutique.ca\/en\/wp-json\/wp\/v2\/media\/537945"}],"wp:attachment":[{"href":"https:\/\/www.anboutique.ca\/en\/wp-json\/wp\/v2\/media?parent=537938"}],"wp:term":[{"taxonomy":"location","embeddable":true,"href":"https:\/\/www.anboutique.ca\/en\/wp-json\/wp\/v2\/location?post=537938"},{"taxonomy":"product_brand","embeddable":true,"href":"https:\/\/www.anboutique.ca\/en\/wp-json\/wp\/v2\/product_brand?post=537938"},{"taxonomy":"product_cat","embeddable":true,"href":"https:\/\/www.anboutique.ca\/en\/wp-json\/wp\/v2\/product_cat?post=537938"},{"taxonomy":"product_tag","embeddable":true,"href":"https:\/\/www.anboutique.ca\/en\/wp-json\/wp\/v2\/product_tag?post=537938"}],"curies":[{"name":"wp","href":"https:\/\/api.w.org\/{rel}","templated":true}]}}